{"id":102,"date":"2023-05-11T19:45:25","date_gmt":"2023-05-11T19:45:25","guid":{"rendered":"https:\/\/i-societyforum.ulpgc.es\/?page_id=102"},"modified":"2024-05-06T21:37:17","modified_gmt":"2024-05-06T20:37:17","slug":"conferencia-deporte-inclusivo","status":"publish","type":"page","link":"https:\/\/i-societyforum.ulpgc.es\/?page_id=102","title":{"rendered":"Conferencia Deporte Inclusivo"},"content":{"rendered":"\n<blockquote class=\"wp-block-quote is-layout-flow wp-block-quote-is-layout-flow\">\n<p>Mi forma de ser no me permite rendirme f\u00e1cilmente. Si yo puedo, T\u00da PUEDES.<\/p>\n<\/blockquote>\n\n\n\n<div class=\"wp-block-columns is-layout-flex wp-container-core-columns-is-layout-1 wp-block-columns-is-layout-flex\">\n<div class=\"wp-block-column is-layout-flow wp-block-column-is-layout-flow\" style=\"flex-basis:33.33%\"><div class=\"wp-block-image\">\n<figure class=\"aligncenter size-full\"><img loading=\"lazy\" decoding=\"async\" width=\"1365\" height=\"2048\" src=\"https:\/\/i-societyforum.ulpgc.es\/wp-content\/uploads\/2024\/05\/Lionel-Morales-2.jpg\" alt=\"\" class=\"wp-image-166\" srcset=\"https:\/\/i-societyforum.ulpgc.es\/wp-content\/uploads\/2024\/05\/Lionel-Morales-2.jpg 1365w, https:\/\/i-societyforum.ulpgc.es\/wp-content\/uploads\/2024\/05\/Lionel-Morales-2-200x300.jpg 200w, https:\/\/i-societyforum.ulpgc.es\/wp-content\/uploads\/2024\/05\/Lionel-Morales-2-683x1024.jpg 683w, https:\/\/i-societyforum.ulpgc.es\/wp-content\/uploads\/2024\/05\/Lionel-Morales-2-768x1152.jpg 768w, https:\/\/i-societyforum.ulpgc.es\/wp-content\/uploads\/2024\/05\/Lionel-Morales-2-1024x1536.jpg 1024w\" sizes=\"(max-width: 1365px) 100vw, 1365px\" \/><figcaption class=\"wp-element-caption\">D. Lionel Valent\u00edn Morales Gonz\u00e1lez<\/figcaption><\/figure><\/div><\/div>\n\n\n\n<div class=\"wp-block-column is-layout-flow wp-block-column-is-layout-flow\" style=\"flex-basis:66.66%\">\n<p>D. Lionel Valent\u00edn Morales Gonz\u00e1lez<\/p>\n\n\n\n<p>El objetivo de cualquier deportista es llegar a lo m\u00e1s alto y conseguir sus metas. Cuando, adem\u00e1s, existe la dificultad a\u00f1adida de una discapacidad, la competici\u00f3n se convierte en una lucha con uno mismo por mejorar, por crecer, por superarnos y dar lo mejor que llevamos dentro. El deporte que practico actualmente es el Paratriatl\u00f3n en categor\u00eda PTS-2, amputaci\u00f3n severa de las extremidades inferiores-amputaci\u00f3n por encima de la rodilla. Para competir a nivel profesional, es necesario entrenar a diario. Cada hora y cada minuto cuenta, para conseguir una forma f\u00edsica que te permita estar entre los mejores e ir ara\u00f1ando segundos al crono. Cuando est\u00e1s en lo mejor de tu vida deportiva, llega un momento en que un sue\u00f1o comienza a tomar forma. Mi sue\u00f1o se hizo realidad cuando, en 2016 tuve el orgullo de representar a Espa\u00f1a en las Paralimpiadas de R\u00edo (Brasil) como \u00fanico paratriatleta seleccionado por la Federaci\u00f3n Espa\u00f1ola, y obteniendo un diploma al quedar en 7\u00aa posici\u00f3n. Esto, y la gran temporada realizada en 2023, consiguiendo la 1\u00aa posici\u00f3n en el campeonato de Espa\u00f1a de Triatl\u00f3n y Duatl\u00f3n, la 1\u00aa en las Copas del Mundo Coru\u00f1a y M\u00e1laga, 1\u00aa en la serie mundiales de Yokohama\/Montreal\/Coru\u00f1a, Subcampe\u00f3n del Mundo en Abu Dabi 21\/22, 4\u00ba en el Mundial 2023 en Pontevedra, reafirmando como deportista de alto nivel y alto rendimiento, certificado por el consejo superior de deporte, terminando la temporada en 3\u00ba puesto en el ranking mundial; la temporada \u201c2023\u201d, me ha dado el gran impulso para plantear mi pr\u00f3ximo gran reto: Las Paralimpiadas de PARIS 2024.<\/p>\n<\/div>\n<\/div>\n","protected":false},"excerpt":{"rendered":"<p>Mi forma de ser no me permite rendirme f\u00e1cilmente. Si yo puedo, T\u00da PUEDES. D. Lionel Valent\u00edn Morales Gonz\u00e1lez El objetivo de cualquier deportista es llegar a lo m\u00e1s alto&#8230;<\/p>\n<div class=\"more-link-wrapper\"><a class=\"more-link\" href=\"https:\/\/i-societyforum.ulpgc.es\/?page_id=102\">Leer m\u00e1s<span class=\"screen-reader-text\">Conferencia Deporte Inclusivo<\/span><\/a><\/div>\n","protected":false},"author":1,"featured_media":0,"parent":0,"menu_order":0,"comment_status":"closed","ping_status":"closed","template":"","meta":{"footnotes":""},"_links":{"self":[{"href":"https:\/\/i-societyforum.ulpgc.es\/index.php?rest_route=\/wp\/v2\/pages\/102"}],"collection":[{"href":"https:\/\/i-societyforum.ulpgc.es\/index.php?rest_route=\/wp\/v2\/pages"}],"about":[{"href":"https:\/\/i-societyforum.ulpgc.es\/index.php?rest_route=\/wp\/v2\/types\/page"}],"author":[{"embeddable":true,"href":"https:\/\/i-societyforum.ulpgc.es\/index.php?rest_route=\/wp\/v2\/users\/1"}],"replies":[{"embeddable":true,"href":"https:\/\/i-societyforum.ulpgc.es\/index.php?rest_route=%2Fwp%2Fv2%2Fcomments&post=102"}],"version-history":[{"count":7,"href":"https:\/\/i-societyforum.ulpgc.es\/index.php?rest_route=\/wp\/v2\/pages\/102\/revisions"}],"predecessor-version":[{"id":204,"href":"https:\/\/i-societyforum.ulpgc.es\/index.php?rest_route=\/wp\/v2\/pages\/102\/revisions\/204"}],"wp:attachment":[{"href":"https:\/\/i-societyforum.ulpgc.es\/index.php?rest_route=%2Fwp%2Fv2%2Fmedia&parent=102"}],"curies":[{"name":"wp","href":"https:\/\/api.w.org\/{rel}","templated":true}]}}