{"id":108,"date":"2023-05-11T20:33:00","date_gmt":"2023-05-11T20:33:00","guid":{"rendered":"https:\/\/i-societyforum.ulpgc.es\/?page_id=108"},"modified":"2024-05-27T07:20:09","modified_gmt":"2024-05-27T06:20:09","slug":"mesa-de-educacion-inclusiva","status":"publish","type":"page","link":"https:\/\/i-societyforum.ulpgc.es\/?page_id=108","title":{"rendered":"Mesa de Educaci\u00f3n Inclusiva"},"content":{"rendered":"\n<div class=\"wp-block-columns is-layout-flex wp-container-core-columns-is-layout-1 wp-block-columns-is-layout-flex\">\n<div class=\"wp-block-column is-layout-flow wp-block-column-is-layout-flow\" style=\"flex-basis:33.33%\"><div class=\"wp-block-image\">\n<figure class=\"aligncenter size-full\"><img loading=\"lazy\" decoding=\"async\" width=\"190\" height=\"213\" src=\"https:\/\/i-societyforum.ulpgc.es\/wp-content\/uploads\/2024\/05\/RAB.png\" alt=\"\" class=\"wp-image-285\"\/><figcaption class=\"wp-element-caption\">D\u00f1a. Raquel Asensio Baquero<\/figcaption><\/figure><\/div><\/div>\n\n\n\n<div class=\"wp-block-column is-layout-flow wp-block-column-is-layout-flow\" style=\"flex-basis:66.66%\">\n<p><em>El Aula Inclusiva, Todo un reto en la Educaci\u00f3n del siglo XXI<\/em><\/p>\n\n\n\n<p>Licenciada en Derecho por la Universidad de Alcal\u00e1 de Henares, su trayectoria profesional como agente de igualdad en los \u00faltimos a\u00f1os ha sido desde el Cabildo de Fuerteventura y los Ayuntamientos de La Oliva, Puesto del Rosario, Antigua y Tuineje, desarrollando proyectos educativos para los Centros de Educaci\u00f3n de Infantil-Primaria y Secundaria. En la actualidad ejerce como docente en el IES Puerto del Rosario, es agente zonal de igualdad del CEP Puerto del Rosario y coordinadora del eje igualdad de la Red Innovas.<\/p>\n<\/div>\n<\/div>\n\n\n\n<div class=\"wp-block-columns is-layout-flex wp-container-core-columns-is-layout-2 wp-block-columns-is-layout-flex\">\n<div class=\"wp-block-column is-layout-flow wp-block-column-is-layout-flow\" style=\"flex-basis:33.33%\"><div class=\"wp-block-image\">\n<figure class=\"aligncenter size-full is-resized\"><img loading=\"lazy\" decoding=\"async\" width=\"355\" height=\"520\" src=\"https:\/\/i-societyforum.ulpgc.es\/wp-content\/uploads\/2024\/05\/Foto-Jenifer-Gonzalez-Viera.png\" alt=\"\" class=\"wp-image-181\" style=\"width:234px;height:auto\" srcset=\"https:\/\/i-societyforum.ulpgc.es\/wp-content\/uploads\/2024\/05\/Foto-Jenifer-Gonzalez-Viera.png 355w, https:\/\/i-societyforum.ulpgc.es\/wp-content\/uploads\/2024\/05\/Foto-Jenifer-Gonzalez-Viera-205x300.png 205w\" sizes=\"(max-width: 355px) 100vw, 355px\" \/><figcaption class=\"wp-element-caption\">D\u00f1a. Jenifer del Carmen Gonz\u00e1lez Viera<\/figcaption><\/figure><\/div><\/div>\n\n\n\n<div class=\"wp-block-column is-layout-flow wp-block-column-is-layout-flow\" style=\"flex-basis:66.66%\">\n<p><em>Un cole para todos y todas. Navegando junt@s<\/em>.<\/p>\n\n\n\n<p>Diplomada en Logopedia y en Magisterio de Educaci\u00f3n Especial. Durante tres cursos llev\u00f3 a cabo el Proyecto Pilotaje de Inclusi\u00f3n de Alumnado con TEA en las aulas ordinarias en varios centros educativos de Puerto del Rosario. Actualmente lleva tres cursos siendo tutora de una de las aulas enclave del CEIP&nbsp;Agust\u00edn Millares Carl\u00f3.<\/p>\n\n\n\n<p>Jenifer nos trae la experiencia de su centro educativo como un centro inclusivo. \u00danico centro en Canarias preferente para alumnado con discapacidad motora, preferente para alumnado con discapacidad auditiva, con dos aulas enclave y con el proyecto de inclusi\u00f3n de alumnado con TEA. Sus metodolog\u00edas, buenas pr\u00e1cticas y numerosos proyectos buscan siempre dar cabida a todo su alumnado.<\/p>\n<\/div>\n<\/div>\n\n\n\n<div class=\"wp-block-columns is-layout-flex wp-container-core-columns-is-layout-3 wp-block-columns-is-layout-flex\">\n<div class=\"wp-block-column is-layout-flow wp-block-column-is-layout-flow\" style=\"flex-basis:33.33%\"><div class=\"wp-block-image\">\n<figure class=\"aligncenter size-full\"><img loading=\"lazy\" decoding=\"async\" width=\"327\" height=\"435\" src=\"https:\/\/i-societyforum.ulpgc.es\/wp-content\/uploads\/2024\/05\/FOTO-CORAL-NARANJO-RAMIREZ.jpeg\" alt=\"\" class=\"wp-image-234\" srcset=\"https:\/\/i-societyforum.ulpgc.es\/wp-content\/uploads\/2024\/05\/FOTO-CORAL-NARANJO-RAMIREZ.jpeg 327w, https:\/\/i-societyforum.ulpgc.es\/wp-content\/uploads\/2024\/05\/FOTO-CORAL-NARANJO-RAMIREZ-226x300.jpeg 226w\" sizes=\"(max-width: 327px) 100vw, 327px\" \/><figcaption class=\"wp-element-caption\">D\u00f1a. Coral Naranjo Ram\u00edrez<\/figcaption><\/figure><\/div><\/div>\n\n\n\n<div class=\"wp-block-column is-layout-flow wp-block-column-is-layout-flow\" style=\"flex-basis:66.66%\">\n<p><em>Inclusi\u00f3n sin formaci\u00f3n educativa\u00a0no\u00a0existe.<\/em><\/p>\n<\/div>\n<\/div>\n","protected":false},"excerpt":{"rendered":"<p>El Aula Inclusiva, Todo un reto en la Educaci\u00f3n del siglo XXI Licenciada en Derecho por la Universidad de Alcal\u00e1 de Henares, su trayectoria profesional como agente de igualdad en&#8230;<\/p>\n<div class=\"more-link-wrapper\"><a class=\"more-link\" href=\"https:\/\/i-societyforum.ulpgc.es\/?page_id=108\">Leer m\u00e1s<span class=\"screen-reader-text\">Mesa de Educaci\u00f3n Inclusiva<\/span><\/a><\/div>\n","protected":false},"author":1,"featured_media":0,"parent":0,"menu_order":0,"comment_status":"closed","ping_status":"closed","template":"","meta":{"footnotes":""},"_links":{"self":[{"href":"https:\/\/i-societyforum.ulpgc.es\/index.php?rest_route=\/wp\/v2\/pages\/108"}],"collection":[{"href":"https:\/\/i-societyforum.ulpgc.es\/index.php?rest_route=\/wp\/v2\/pages"}],"about":[{"href":"https:\/\/i-societyforum.ulpgc.es\/index.php?rest_route=\/wp\/v2\/types\/page"}],"author":[{"embeddable":true,"href":"https:\/\/i-societyforum.ulpgc.es\/index.php?rest_route=\/wp\/v2\/users\/1"}],"replies":[{"embeddable":true,"href":"https:\/\/i-societyforum.ulpgc.es\/index.php?rest_route=%2Fwp%2Fv2%2Fcomments&post=108"}],"version-history":[{"count":13,"href":"https:\/\/i-societyforum.ulpgc.es\/index.php?rest_route=\/wp\/v2\/pages\/108\/revisions"}],"predecessor-version":[{"id":307,"href":"https:\/\/i-societyforum.ulpgc.es\/index.php?rest_route=\/wp\/v2\/pages\/108\/revisions\/307"}],"wp:attachment":[{"href":"https:\/\/i-societyforum.ulpgc.es\/index.php?rest_route=%2Fwp%2Fv2%2Fmedia&parent=108"}],"curies":[{"name":"wp","href":"https:\/\/api.w.org\/{rel}","templated":true}]}}