{"id":169,"date":"2024-05-06T21:04:25","date_gmt":"2024-05-06T20:04:25","guid":{"rendered":"https:\/\/i-societyforum.ulpgc.es\/?page_id=169"},"modified":"2024-05-16T18:46:07","modified_gmt":"2024-05-16T17:46:07","slug":"conferencia-derechos-inclusivos","status":"publish","type":"page","link":"https:\/\/i-societyforum.ulpgc.es\/?page_id=169","title":{"rendered":"Conferencia Derechos Inclusivos"},"content":{"rendered":"\n<blockquote class=\"wp-block-quote is-layout-flow wp-block-quote-is-layout-flow\">\n<p>La dignidad como base de los derechos.<\/p>\n<\/blockquote>\n\n\n\n<div class=\"wp-block-columns is-layout-flex wp-container-core-columns-is-layout-1 wp-block-columns-is-layout-flex\">\n<div class=\"wp-block-column is-layout-flow wp-block-column-is-layout-flow\" style=\"flex-basis:33.33%\"><div class=\"wp-block-image\">\n<figure class=\"aligncenter size-full\"><img loading=\"lazy\" decoding=\"async\" width=\"348\" height=\"459\" src=\"https:\/\/i-societyforum.ulpgc.es\/wp-content\/uploads\/2024\/05\/tuo-1.png\" alt=\"\" class=\"wp-image-230\" srcset=\"https:\/\/i-societyforum.ulpgc.es\/wp-content\/uploads\/2024\/05\/tuo-1.png 348w, https:\/\/i-societyforum.ulpgc.es\/wp-content\/uploads\/2024\/05\/tuo-1-227x300.png 227w\" sizes=\"(max-width: 348px) 100vw, 348px\" \/><figcaption class=\"wp-element-caption\">D\u00f1a. Tatiana Urien Ortiz<\/figcaption><\/figure><\/div><\/div>\n\n\n\n<div class=\"wp-block-column is-layout-flow wp-block-column-is-layout-flow\" style=\"flex-basis:66.66%\">\n<p>D\u00f1a. Tatiana Urien Ortiz<\/p>\n\n\n\n<p>Licenciada en Filosof\u00eda y en Antropolog\u00eda Social y Cultural por la Universidad de Deusto, <em>M\u00e1ster UAM- Plena inclusi\u00f3n en Apoyos a Personas con Discapacidad Intelectual o del Desarrollo. Calidad de Vida Individual y Familiar. Procesos Psicol\u00f3gicos B\u00e1sicos<\/em>, por la Universidad Aut\u00f3noma de Madrid.<\/p>\n\n\n\n<p>Desarrolla su actividad laboral en el \u00e1mbito de las organizaciones de apoyo a las personas con discapacidad intelectual o del desarrollo y a sus familias, ocupando el puesto de Responsable de Apoyo a Familias y Responsable de Calidad de la Asociaci\u00f3n GAUDE (Plena inclusi\u00f3n-Euskadi).<\/p>\n\n\n\n<p>Adem\u00e1s, es formadora en \u00e9tica y discapacidad en el entorno de Plena inclusi\u00f3n y su \u00e1mbito de investigaci\u00f3n: \u00e9tica, derechos y discapacidad<\/p>\n\n\n\n<p>Derechos por la inclusi\u00f3n, plantea disfrutar de una vida inclusiva que contribuya a desarrollar al m\u00e1ximo el sentido de dignidad en las personas con discapacidad, conlleva una importante complejidad en nuestra pr\u00e1ctica cotidiana. Es por ello que resulta imprescindible reflexionar sobre algunas cuestiones clave que contribuyan a salvar la distancia existente entre los principios \u00e9tico-jur\u00eddicos y el d\u00eda a d\u00eda cotidiano, como: \u00bfQu\u00e9 entendemos por inclusi\u00f3n? \u00bfCu\u00e1les son los principales mecanismos morales que dificultan su disfrute en el d\u00eda a d\u00eda? \u00bfSer\u00e1 suficiente con que exista una norma jur\u00eddica de obligado cumplimiento? \u00bfO ser\u00e1 imprescindible un compromiso con los valores que legitiman la inclusi\u00f3n como una cuesti\u00f3n de derechos humanos?<\/p>\n<\/div>\n<\/div>\n","protected":false},"excerpt":{"rendered":"<p>La dignidad como base de los derechos. D\u00f1a. Tatiana Urien Ortiz Licenciada en Filosof\u00eda y en Antropolog\u00eda Social y Cultural por la Universidad de Deusto, M\u00e1ster UAM- Plena inclusi\u00f3n en&#8230;<\/p>\n<div class=\"more-link-wrapper\"><a class=\"more-link\" href=\"https:\/\/i-societyforum.ulpgc.es\/?page_id=169\">Leer m\u00e1s<span class=\"screen-reader-text\">Conferencia Derechos Inclusivos<\/span><\/a><\/div>\n","protected":false},"author":1,"featured_media":0,"parent":0,"menu_order":0,"comment_status":"closed","ping_status":"closed","template":"","meta":{"footnotes":""},"_links":{"self":[{"href":"https:\/\/i-societyforum.ulpgc.es\/index.php?rest_route=\/wp\/v2\/pages\/169"}],"collection":[{"href":"https:\/\/i-societyforum.ulpgc.es\/index.php?rest_route=\/wp\/v2\/pages"}],"about":[{"href":"https:\/\/i-societyforum.ulpgc.es\/index.php?rest_route=\/wp\/v2\/types\/page"}],"author":[{"embeddable":true,"href":"https:\/\/i-societyforum.ulpgc.es\/index.php?rest_route=\/wp\/v2\/users\/1"}],"replies":[{"embeddable":true,"href":"https:\/\/i-societyforum.ulpgc.es\/index.php?rest_route=%2Fwp%2Fv2%2Fcomments&post=169"}],"version-history":[{"count":11,"href":"https:\/\/i-societyforum.ulpgc.es\/index.php?rest_route=\/wp\/v2\/pages\/169\/revisions"}],"predecessor-version":[{"id":247,"href":"https:\/\/i-societyforum.ulpgc.es\/index.php?rest_route=\/wp\/v2\/pages\/169\/revisions\/247"}],"wp:attachment":[{"href":"https:\/\/i-societyforum.ulpgc.es\/index.php?rest_route=%2Fwp%2Fv2%2Fmedia&parent=169"}],"curies":[{"name":"wp","href":"https:\/\/api.w.org\/{rel}","templated":true}]}}