{"id":24,"date":"2023-05-08T07:34:25","date_gmt":"2023-05-08T07:34:25","guid":{"rendered":"https:\/\/i-societyforum.ulpgc.es\/?page_id=24"},"modified":"2024-05-24T11:19:39","modified_gmt":"2024-05-24T10:19:39","slug":"reconocimiento-de-creditos","status":"publish","type":"page","link":"https:\/\/i-societyforum.ulpgc.es\/?page_id=24","title":{"rendered":"Reconocimiento de Cr\u00e9ditos"},"content":{"rendered":"\n<p class=\"has-large-font-size\">Estas Jornadas suponen el reconocimiento de Cr\u00e9ditos ECTS por la Facultad de Ciencias de la Educaci\u00f3n de la Universidad de Las Palmas de Gran Canaria. La asistencia al total de las Jornadas se certificar\u00e1 0.5 ECTS. Los certificados emitidos ser\u00e1n\u00a0recibidos a trav\u00e9s del email registrado en la inscripci\u00f3n de los asistentes.<\/p>\n","protected":false},"excerpt":{"rendered":"<p>Estas Jornadas suponen el reconocimiento de Cr\u00e9ditos ECTS por la Facultad de Ciencias de la Educaci\u00f3n de la Universidad de Las Palmas de Gran Canaria. La asistencia al total de&#8230;<\/p>\n<div class=\"more-link-wrapper\"><a class=\"more-link\" href=\"https:\/\/i-societyforum.ulpgc.es\/?page_id=24\">Leer m\u00e1s<span class=\"screen-reader-text\">Reconocimiento de Cr\u00e9ditos<\/span><\/a><\/div>\n","protected":false},"author":1,"featured_media":0,"parent":0,"menu_order":0,"comment_status":"closed","ping_status":"closed","template":"","meta":{"footnotes":""},"_links":{"self":[{"href":"https:\/\/i-societyforum.ulpgc.es\/index.php?rest_route=\/wp\/v2\/pages\/24"}],"collection":[{"href":"https:\/\/i-societyforum.ulpgc.es\/index.php?rest_route=\/wp\/v2\/pages"}],"about":[{"href":"https:\/\/i-societyforum.ulpgc.es\/index.php?rest_route=\/wp\/v2\/types\/page"}],"author":[{"embeddable":true,"href":"https:\/\/i-societyforum.ulpgc.es\/index.php?rest_route=\/wp\/v2\/users\/1"}],"replies":[{"embeddable":true,"href":"https:\/\/i-societyforum.ulpgc.es\/index.php?rest_route=%2Fwp%2Fv2%2Fcomments&post=24"}],"version-history":[{"count":6,"href":"https:\/\/i-societyforum.ulpgc.es\/index.php?rest_route=\/wp\/v2\/pages\/24\/revisions"}],"predecessor-version":[{"id":303,"href":"https:\/\/i-societyforum.ulpgc.es\/index.php?rest_route=\/wp\/v2\/pages\/24\/revisions\/303"}],"wp:attachment":[{"href":"https:\/\/i-societyforum.ulpgc.es\/index.php?rest_route=%2Fwp%2Fv2%2Fmedia&parent=24"}],"curies":[{"name":"wp","href":"https:\/\/api.w.org\/{rel}","templated":true}]}}