{"id":4,"date":"2023-05-08T06:15:36","date_gmt":"2023-05-08T06:15:36","guid":{"rendered":"https:\/\/i-societyforum.ulpgc.es\/?page_id=4"},"modified":"2024-05-23T15:59:53","modified_gmt":"2024-05-23T14:59:53","slug":"i-jornada-nacional-una-sociedad-inclusiva-educacion-cultura-deporte","status":"publish","type":"page","link":"https:\/\/i-societyforum.ulpgc.es\/","title":{"rendered":"II JORNADA NACIONAL &#8211; UNA SOCIEDAD INCLUSIVA: EDUCACI\u00d3N, CULTURA, DEPORTE, DERECHOS"},"content":{"rendered":"\n<p class=\"has-large-font-size\">Los d\u00edas <strong>4 y 5 de junio de 2024<\/strong> celebraremos la 2\u00aa Jornada Nacional \u00abUna Sociedad Inclusiva: Educaci\u00f3n, Cultura, Deporte, Derechos\u00bb que pretende ser un lugar de encuentro para contribuir a una sociedad diversa e inclusiva desde la Universidad de Las Palmas de Gran Canaria (ULPGC) y el Cabildo de Fuerteventura.<\/p>\n\n\n\n<p class=\"has-large-font-size\">Se desarrollar\u00e1 en el <strong>Centro Insular de la Juventud de Puerto del Rosario<\/strong> (Fuerteventura) y, en esta segunda edici\u00f3n, cuenta con <strong>certificado de asistencia<\/strong> y <strong>reconocimientos de cr\u00e9ditos<\/strong> por la ULPGC y por el CEP (para los docentes en ejercicio).<\/p>\n\n\n\n<p class=\"has-large-font-size\">La presente jornada contar\u00e1 con relevantes contribuciones de investigadores e investigadoras nacionales y regionales sobre cuatro \u00e1mbitos esenciales en la vida social: <strong>la educaci\u00f3n, la cultura, el deporte y los derechos.<\/strong><\/p>\n\n\n\n<p class=\"has-large-font-size\">En un mundo donde la diversidad se erige como una cualidad inherente a la condici\u00f3n de ser persona, la inclusi\u00f3n constituye, a la vez, objetivo y compromiso fundamentales para construir una sociedad m\u00e1s justa y equitativa.<\/p>\n\n\n\n<p class=\"has-large-font-size\">Las jornadas ofrecer\u00e1n un espacio de reflexi\u00f3n y aprendizaje, donde se compartir\u00e1n experiencias y se debatir\u00e1n ideas en torno a la sociedad inclusiva, la educaci\u00f3n transformadora, la riqueza cultural, el poder del deporte y la defensa de los derechos fundamentales. Nuestra pretensi\u00f3n no es otra que promover pr\u00e1cticas inclusivas que contribuyan a un pleno y adecuado desarrollo integral de las personas.<\/p>\n\n\n\n<p class=\"has-text-align-center has-vivid-red-color has-text-color has-larger-font-size\"><strong><a href=\"https:\/\/i-societyforum.ulpgc.es\/?page_id=15\" data-type=\"page\" data-id=\"15\">INSCRIPCI\u00d3N GRATUITA<\/a><\/strong><\/p>\n","protected":false},"excerpt":{"rendered":"<p>Los d\u00edas 4 y 5 de junio de 2024 celebraremos la 2\u00aa Jornada Nacional \u00abUna Sociedad Inclusiva: Educaci\u00f3n, Cultura, Deporte, Derechos\u00bb que pretende ser un lugar de encuentro para contribuir&#8230;<\/p>\n<div class=\"more-link-wrapper\"><a class=\"more-link\" href=\"https:\/\/i-societyforum.ulpgc.es\/\">Leer m\u00e1s<span class=\"screen-reader-text\">II JORNADA NACIONAL &#8211; UNA SOCIEDAD INCLUSIVA: EDUCACI\u00d3N, CULTURA, DEPORTE, DERECHOS<\/span><\/a><\/div>\n","protected":false},"author":1,"featured_media":0,"parent":0,"menu_order":0,"comment_status":"closed","ping_status":"closed","template":"","meta":{"footnotes":""},"_links":{"self":[{"href":"https:\/\/i-societyforum.ulpgc.es\/index.php?rest_route=\/wp\/v2\/pages\/4"}],"collection":[{"href":"https:\/\/i-societyforum.ulpgc.es\/index.php?rest_route=\/wp\/v2\/pages"}],"about":[{"href":"https:\/\/i-societyforum.ulpgc.es\/index.php?rest_route=\/wp\/v2\/types\/page"}],"author":[{"embeddable":true,"href":"https:\/\/i-societyforum.ulpgc.es\/index.php?rest_route=\/wp\/v2\/users\/1"}],"replies":[{"embeddable":true,"href":"https:\/\/i-societyforum.ulpgc.es\/index.php?rest_route=%2Fwp%2Fv2%2Fcomments&post=4"}],"version-history":[{"count":16,"href":"https:\/\/i-societyforum.ulpgc.es\/index.php?rest_route=\/wp\/v2\/pages\/4\/revisions"}],"predecessor-version":[{"id":275,"href":"https:\/\/i-societyforum.ulpgc.es\/index.php?rest_route=\/wp\/v2\/pages\/4\/revisions\/275"}],"wp:attachment":[{"href":"https:\/\/i-societyforum.ulpgc.es\/index.php?rest_route=%2Fwp%2Fv2%2Fmedia&parent=4"}],"curies":[{"name":"wp","href":"https:\/\/api.w.org\/{rel}","templated":true}]}}